{"id":34,"date":"2023-05-22T17:32:19","date_gmt":"2023-05-22T17:32:19","guid":{"rendered":"https:\/\/terradetodos.pt\/?page_id=34"},"modified":"2024-11-25T15:47:30","modified_gmt":"2024-11-25T15:47:30","slug":"ficha-de-adesao","status":"publish","type":"page","link":"https:\/\/terradetodos.pt\/?page_id=34","title":{"rendered":"Ficha de Ades\u00e3o"},"content":{"rendered":"\n<figure class=\"wp-block-image alignleft size-full is-resized\"><img loading=\"lazy\" decoding=\"async\" width=\"500\" height=\"500\" src=\"https:\/\/terradetodos.pt\/wp-content\/uploads\/2024\/11\/Diseno-sin-titulo-2.png\" alt=\"\" class=\"wp-image-589\" style=\"width:141px;height:auto\" srcset=\"https:\/\/terradetodos.pt\/wp-content\/uploads\/2024\/11\/Diseno-sin-titulo-2.png 500w, https:\/\/terradetodos.pt\/wp-content\/uploads\/2024\/11\/Diseno-sin-titulo-2-300x300.png 300w, https:\/\/terradetodos.pt\/wp-content\/uploads\/2024\/11\/Diseno-sin-titulo-2-150x150.png 150w\" sizes=\"auto, (max-width: 500px) 100vw, 500px\" \/><\/figure>\n\n\n\n<p>Quer participar ou colaborar com a Associa\u00e7\u00e3o Terra de Todos ?<\/p>\n\n\n\n<p>Preencha o  formul\u00e1rio teclando no link abaixo:<\/p>\n\n\n\n<p>1 &#8211; link: <a href=\"https:\/\/terradetodos1.duckdns.org\">https:\/\/terradetodos1.duckdns.org<\/a><\/p>\n\n\n\n<p><\/p>\n\n\n\n<p><\/p>\n","protected":false},"excerpt":{"rendered":"<p>Quer participar ou colaborar com a Associa\u00e7\u00e3o Terra de Todos ? Preencha o formul\u00e1rio teclando no link abaixo: 1 &#8211; link: https:\/\/terradetodos1.duckdns.org<\/p>\n","protected":false},"author":2,"featured_media":0,"parent":0,"menu_order":0,"comment_status":"closed","ping_status":"closed","template":"","meta":{"sfsi_plus_gutenberg_text_before_share":"","sfsi_plus_gutenberg_show_text_before_share":"","sfsi_plus_gutenberg_icon_type":"","sfsi_plus_gutenberg_icon_alignemt":"","sfsi_plus_gutenburg_max_per_row":"","footnotes":""},"class_list":["post-34","page","type-page","status-publish","hentry"],"_links":{"self":[{"href":"https:\/\/terradetodos.pt\/index.php?rest_route=\/wp\/v2\/pages\/34","targetHints":{"allow":["GET"]}}],"collection":[{"href":"https:\/\/terradetodos.pt\/index.php?rest_route=\/wp\/v2\/pages"}],"about":[{"href":"https:\/\/terradetodos.pt\/index.php?rest_route=\/wp\/v2\/types\/page"}],"author":[{"embeddable":true,"href":"https:\/\/terradetodos.pt\/index.php?rest_route=\/wp\/v2\/users\/2"}],"replies":[{"embeddable":true,"href":"https:\/\/terradetodos.pt\/index.php?rest_route=%2Fwp%2Fv2%2Fcomments&post=34"}],"version-history":[{"count":13,"href":"https:\/\/terradetodos.pt\/index.php?rest_route=\/wp\/v2\/pages\/34\/revisions"}],"predecessor-version":[{"id":602,"href":"https:\/\/terradetodos.pt\/index.php?rest_route=\/wp\/v2\/pages\/34\/revisions\/602"}],"wp:attachment":[{"href":"https:\/\/terradetodos.pt\/index.php?rest_route=%2Fwp%2Fv2%2Fmedia&parent=34"}],"curies":[{"name":"wp","href":"https:\/\/api.w.org\/{rel}","templated":true}]}}